{"id":765,"date":"2025-09-22T04:58:08","date_gmt":"2025-09-22T02:58:08","guid":{"rendered":"https:\/\/www.eclephsia.com\/?page_id=765"},"modified":"2026-02-02T20:06:30","modified_gmt":"2026-02-02T19:06:30","slug":"artists-repertoire","status":"publish","type":"page","link":"https:\/\/www.eclephsia.com\/index.php\/artists-repertoire\/","title":{"rendered":"Artists Repertoire"},"content":{"rendered":"\n<p>The following list covers all the artists that we have collaborated with over the years &lt;33<\/p>\n\n\n\n<h2 class=\"wp-block-heading\">A<\/h2>\n\n\n\n<h3 class=\"wp-block-heading\">AAA<\/h3>\n\n\n\n<h3 class=\"wp-block-heading\">Abssys<\/h3>\n\n\n\n<h3 class=\"wp-block-heading\">Agatha Cuper<\/h3>\n\n\n\n<h3 class=\"wp-block-heading\">AKAFA\u00cb<\/h3>\n\n\n\n<h3 class=\"wp-block-heading\">Andy pls<\/h3>\n\n\n\n<h3 class=\"wp-block-heading\"><a href=\"https:\/\/www.eclephsia.com\/index.php\/artists\/anna-makela\/\" data-type=\"link\" data-id=\"https:\/\/www.eclephsia.com\/index.php\/artists\/anna-makela\/\">Anna M\u00e4kel\u00e4<\/a><\/h3>\n\n\n\n<h3 class=\"wp-block-heading\">Arrow of Time<\/h3>\n\n\n\n<h3 class=\"wp-block-heading\">Arthur Le Roux<\/h3>\n\n\n\n<h3 class=\"wp-block-heading\">Astytekkk<\/h3>\n\n\n\n<h3 class=\"wp-block-heading\">Aveen<\/h3>\n\n\n\n<h2 class=\"wp-block-heading\">B<\/h2>\n\n\n\n<h3 class=\"wp-block-heading\">Baka<\/h3>\n\n\n\n<h3 class=\"wp-block-heading\">bdstf<\/h3>\n\n\n\n<h3 class=\"wp-block-heading\">Bicycle Ride<\/h3>\n\n\n\n<h3 class=\"wp-block-heading\">Bovitz<\/h3>\n\n\n\n<h3 class=\"wp-block-heading\">Brenda<\/h3>\n\n\n\n<h2 class=\"wp-block-heading\">C<\/h2>\n\n\n\n<h3 class=\"wp-block-heading\">Capiuz<\/h3>\n\n\n\n<h3 class=\"wp-block-heading\">Chosen1<\/h3>\n\n\n\n<h3 class=\"wp-block-heading\">Clara Mauvillain Anneix<\/h3>\n\n\n\n<h3 class=\"wp-block-heading\">Chochinbi<\/h3>\n\n\n\n<h3 class=\"wp-block-heading\">Combat Sport<\/h3>\n\n\n\n<h3 class=\"wp-block-heading\"><a href=\"https:\/\/www.eclephsia.com\/index.php\/artists\/cry-nn\/\">CRY.NN<\/a><\/h3>\n\n\n\n<h3 class=\"wp-block-heading\">Cunt Remember<\/h3>\n\n\n\n<h2 class=\"wp-block-heading\">D<\/h2>\n\n\n\n<h3 class=\"wp-block-heading\">DJ Hardiva<\/h3>\n\n\n\n<h3 class=\"wp-block-heading\">DJ RUSSIAN AIDS<\/h3>\n\n\n\n<h3 class=\"wp-block-heading\">DJ Weed<\/h3>\n\n\n\n<h3 class=\"wp-block-heading\">dj gatitx<\/h3>\n\n\n\n<h3 class=\"wp-block-heading\">dj shrimp<\/h3>\n\n\n\n<h3 class=\"wp-block-heading\">Dragan Zaranoff<\/h3>\n\n\n\n<h3 class=\"wp-block-heading\">Dj $ustancia<\/h3>\n\n\n\n<h3 class=\"wp-block-heading\">Ditzy<\/h3>\n\n\n\n<h2 class=\"wp-block-heading\">E<\/h2>\n\n\n\n<h3 class=\"wp-block-heading\">Eisebelle<\/h3>\n\n\n\n<h3 class=\"wp-block-heading\">El Irreal Veintiuno<\/h3>\n\n\n\n<h3 class=\"wp-block-heading\"><a href=\"https:\/\/www.eclephsia.com\/index.php\/artists\/elia-garec\/\">Elia Garec<\/a><\/h3>\n\n\n\n<h3 class=\"wp-block-heading\">Emiliana Riveros<\/h3>\n\n\n\n<h3 class=\"wp-block-heading\"><a href=\"https:\/\/soundcloud.com\/entranas\" target=\"_blank\" rel=\"noopener\">Entra\u00f1as<\/a><\/h3>\n\n\n\n<h3 class=\"wp-block-heading\">Evil Iseeshine<\/h3>\n\n\n\n<h3 class=\"wp-block-heading\">Eva Gabrielle Sarfati<\/h3>\n\n\n\n<h2 class=\"wp-block-heading\">F<\/h2>\n\n\n\n<h3 class=\"wp-block-heading\"><a href=\"https:\/\/www.eclephsia.com\/index.php\/artists\/flaq\/\">FLAQ<\/a><\/h3>\n\n\n\n<h3 class=\"wp-block-heading\">Frech<\/h3>\n\n\n\n<h2 class=\"wp-block-heading\">G<\/h2>\n\n\n\n<h3 class=\"wp-block-heading\">Galgish<\/h3>\n\n\n\n<h3 class=\"wp-block-heading\">Gea Tattoo<\/h3>\n\n\n\n<h3 class=\"wp-block-heading\">Genux Aix<\/h3>\n\n\n\n<h3 class=\"wp-block-heading\">Geraldina Molina<\/h3>\n\n\n\n<h3 class=\"wp-block-heading\">Giant Sabesco<\/h3>\n\n\n\n<h3 class=\"wp-block-heading\">Ghost Chain<\/h3>\n\n\n\n<h3 class=\"wp-block-heading\">Gillie Love<\/h3>\n\n\n\n<h2 class=\"wp-block-heading\">H<\/h2>\n\n\n\n<h3 class=\"wp-block-heading\">Hagoza<\/h3>\n\n\n\n<h3 class=\"wp-block-heading\">Hazy Blades<\/h3>\n\n\n\n<h3 class=\"wp-block-heading\">Hiroma Keo<\/h3>\n\n\n\n<h3 class=\"wp-block-heading\"><a href=\"https:\/\/www.eclephsia.com\/index.php\/artists\/hossein-askari\/\" data-type=\"link\" data-id=\"https:\/\/www.eclephsia.com\/index.php\/artists\/hossein-askari\/\">Hossein Askari<\/a><\/h3>\n\n\n\n<p><\/p>\n\n\n\n<h2 class=\"wp-block-heading\">I<\/h2>\n\n\n\n<h3 class=\"wp-block-heading\">Ignacio Perez<\/h3>\n\n\n\n<h3 class=\"wp-block-heading\">Immortal Ninja<\/h3>\n\n\n\n<h3 class=\"wp-block-heading\">Inherently Viced<\/h3>\n\n\n\n<h3 class=\"wp-block-heading\">Ionatan Schindler<\/h3>\n\n\n\n<h2 class=\"wp-block-heading\">J<\/h2>\n\n\n\n<h3 class=\"wp-block-heading\">Jega<\/h3>\n\n\n\n<h3 class=\"wp-block-heading\">JO\u00c2O L\u00c1GRIMA DE OURO<\/h3>\n\n\n\n<h3 class=\"wp-block-heading\"><a href=\"https:\/\/www.eclephsia.com\/index.php\/artists\/jordanvkid\/\">JordanVKid<\/a><\/h3>\n\n\n\n<h3 class=\"wp-block-heading\">Julio C\u00e9sar<\/h3>\n\n\n\n<h3 class=\"wp-block-heading\">Juliette Papin<\/h3>\n\n\n\n<h3 class=\"wp-block-heading\">Justin FT<\/h3>\n\n\n\n<h2 class=\"wp-block-heading\">K<\/h2>\n\n\n\n<h3 class=\"wp-block-heading\">Kamila Nina<\/h3>\n\n\n\n<h3 class=\"wp-block-heading\"><a href=\"https:\/\/www.eclephsia.com\/index.php\/artists\/kathleen-c\/\">Kathleen C<\/a><\/h3>\n\n\n\n<h3 class=\"wp-block-heading\">Kashtira<\/h3>\n\n\n\n<h3 class=\"wp-block-heading\">Keygurr<\/h3>\n\n\n\n<h3 class=\"wp-block-heading\">Kiana<\/h3>\n\n\n\n<h3 class=\"wp-block-heading\">Kilian Mercadie<\/h3>\n\n\n\n<h3 class=\"wp-block-heading\"><a href=\"https:\/\/www.eclephsia.com\/index.php\/artists\/kennymphe\/\">Kennymphe<\/a><\/h3>\n\n\n\n<h2 class=\"wp-block-heading\">L<\/h2>\n\n\n\n<h3 class=\"wp-block-heading\">La Casa Del Arte<\/h3>\n\n\n\n<h3 class=\"wp-block-heading\">Lemon Whore<\/h3>\n\n\n\n<h3 class=\"wp-block-heading\">Lou Verro<\/h3>\n\n\n\n<h3 class=\"wp-block-heading\">Luca Planells<\/h3>\n\n\n\n<h3 class=\"wp-block-heading\">Lucia Femia<\/h3>\n\n\n\n<h2 class=\"wp-block-heading\">M<\/h2>\n\n\n\n<h3 class=\"wp-block-heading\">MADKID<\/h3>\n\n\n\n<h3 class=\"wp-block-heading\">Maniken05<\/h3>\n\n\n\n<h3 class=\"wp-block-heading\">MCLeetbang<\/h3>\n\n\n\n<h3 class=\"wp-block-heading\">Monin<\/h3>\n\n\n\n<h3 class=\"wp-block-heading\">My Name Is Max<\/h3>\n\n\n\n<h2 class=\"wp-block-heading\">N<\/h2>\n\n\n\n<h3 class=\"wp-block-heading\">Natasha Nina<\/h3>\n\n\n\n<h3 class=\"wp-block-heading\">Nino Filiu<\/h3>\n\n\n\n<h3 class=\"wp-block-heading\">Nnnnaxa<\/h3>\n\n\n\n<h3 class=\"wp-block-heading\"><a href=\"https:\/\/www.eclephsia.com\/index.php\/artists\/numero6\/\" data-type=\"link\" data-id=\"https:\/\/www.eclephsia.com\/index.php\/artists\/numero6\/\">Numero 6<\/a><\/h3>\n\n\n\n<h2 class=\"wp-block-heading\">P<\/h2>\n\n\n\n<h3 class=\"wp-block-heading\"><a href=\"https:\/\/www.eclephsia.com\/index.php\/artists\/paragraph-175\/\">Paragraph 175<\/a><\/h3>\n\n\n\n<h3 class=\"wp-block-heading\"><a href=\"https:\/\/www.eclephsia.com\/index.php\/artists\/peder-mannerfelt\/\">Peder Mannerfelt<\/a><\/h3>\n\n\n\n<h3 class=\"wp-block-heading\">Princesse Toucan<\/h3>\n\n\n\n<h2 class=\"wp-block-heading\">Q<\/h2>\n\n\n\n<h3 class=\"wp-block-heading\">qanossonap<\/h3>\n\n\n\n<h2 class=\"wp-block-heading\">R<\/h2>\n\n\n\n<h3 class=\"wp-block-heading\">Relinquished<\/h3>\n\n\n\n<h3 class=\"wp-block-heading\">Ruido con H<\/h3>\n\n\n\n<h2 class=\"wp-block-heading\">S<\/h2>\n\n\n\n<h3 class=\"wp-block-heading\">Sadaoui<\/h3>\n\n\n\n<h3 class=\"wp-block-heading\">Santos<\/h3>\n\n\n\n<h3 class=\"wp-block-heading\">Santiago Nech<\/h3>\n\n\n\n<h3 class=\"wp-block-heading\">SEWA<\/h3>\n\n\n\n<h3 class=\"wp-block-heading\">Skrpump<\/h3>\n\n\n\n<h3 class=\"wp-block-heading\">Seobin Park<\/h3>\n\n\n\n<h3 class=\"wp-block-heading\">Shanon Poupard<\/h3>\n\n\n\n<h3 class=\"wp-block-heading\">SlowRolla<\/h3>\n\n\n\n<h3 class=\"wp-block-heading\">THREENSEVEN<\/h3>\n\n\n\n<h3 class=\"wp-block-heading\">Toby<\/h3>\n\n\n\n<h2 class=\"wp-block-heading\">T<\/h2>\n\n\n\n<h3 class=\"wp-block-heading\">Tabatha Lortat Jacobs<\/h3>\n\n\n\n<h3 class=\"wp-block-heading\"><a href=\"https:\/\/www.eclephsia.com\/index.php\/artists\/tucusu\/\">TUCUSU<\/a><\/h3>\n\n\n\n<h2 class=\"wp-block-heading\">V<\/h2>\n\n\n\n<h3 class=\"wp-block-heading\">Vladeeboii<\/h3>\n\n\n\n<h2 class=\"wp-block-heading\">W<\/h2>\n\n\n\n<h3 class=\"wp-block-heading\">West Code<\/h3>\n\n\n\n<h2 class=\"wp-block-heading\">Y<\/h2>\n\n\n\n<h3 class=\"wp-block-heading\"><a href=\"https:\/\/www.eclephsia.com\/index.php\/artists\/yelram-selectah\/\">Yelram Selectah<\/a><\/h3>\n\n\n\n<h3 class=\"wp-block-heading\">Young Link<\/h3>\n\n\n\n<h3 class=\"wp-block-heading\">Yung Cito<\/h3>\n\n\n\n<h2 class=\"wp-block-heading\">Z<\/h2>\n\n\n\n<h3 class=\"wp-block-heading\">Zulma<\/h3>\n\n\n\n<p><\/p>\n","protected":false},"excerpt":{"rendered":"<p>The following list covers all the artists that we have collaborated with over the years &lt;33 A AAA Abssys Agatha Cuper AKAFA\u00cb Andy pls Anna M\u00e4kel\u00e4 Arrow of Time Arthur Le Roux Astytekkk Aveen B Baka bdstf Bicycle Ride Bovitz Brenda C Capiuz Chosen1 Clara Mauvillain Anneix Chochinbi Combat Sport CRY.NN Cunt Remember D DJ [&hellip;]<\/p>\n","protected":false},"author":1,"featured_media":0,"parent":0,"menu_order":0,"comment_status":"closed","ping_status":"closed","template":"","meta":{"footnotes":""},"class_list":["post-765","page","type-page","status-publish","hentry"],"yoast_head":"<!-- This site is optimized with the Yoast SEO plugin v26.7 - https:\/\/yoast.com\/wordpress\/plugins\/seo\/ -->\n<title>Artists Repertoire - Eclephsia Dungeon<\/title>\n<meta name=\"robots\" content=\"index, follow, max-snippet:-1, max-image-preview:large, max-video-preview:-1\" \/>\n<link rel=\"canonical\" href=\"https:\/\/www.eclephsia.com\/index.php\/artists-repertoire\/\" \/>\n<meta property=\"og:locale\" content=\"en_US\" \/>\n<meta property=\"og:type\" content=\"article\" \/>\n<meta property=\"og:title\" content=\"Artists Repertoire - Eclephsia Dungeon\" \/>\n<meta property=\"og:description\" content=\"The following list covers all the artists that we have collaborated with over the years &lt;33 A AAA Abssys Agatha Cuper AKAFA\u00cb Andy pls Anna M\u00e4kel\u00e4 Arrow of Time Arthur Le Roux Astytekkk Aveen B Baka bdstf Bicycle Ride Bovitz Brenda C Capiuz Chosen1 Clara Mauvillain Anneix Chochinbi Combat Sport CRY.NN Cunt Remember D DJ [&hellip;]\" \/>\n<meta property=\"og:url\" content=\"https:\/\/www.eclephsia.com\/index.php\/artists-repertoire\/\" \/>\n<meta property=\"og:site_name\" content=\"Eclephsia Dungeon\" \/>\n<meta property=\"article:modified_time\" content=\"2026-02-02T19:06:30+00:00\" \/>\n<meta name=\"twitter:card\" content=\"summary_large_image\" \/>\n<meta name=\"twitter:label1\" content=\"Est. reading time\" \/>\n\t<meta name=\"twitter:data1\" content=\"1 minute\" \/>\n<script type=\"application\/ld+json\" class=\"yoast-schema-graph\">{\"@context\":\"https:\/\/schema.org\",\"@graph\":[{\"@type\":\"WebPage\",\"@id\":\"https:\/\/www.eclephsia.com\/index.php\/artists-repertoire\/\",\"url\":\"https:\/\/www.eclephsia.com\/index.php\/artists-repertoire\/\",\"name\":\"Artists Repertoire - Eclephsia Dungeon\",\"isPartOf\":{\"@id\":\"https:\/\/www.eclephsia.com\/#website\"},\"datePublished\":\"2025-09-22T02:58:08+00:00\",\"dateModified\":\"2026-02-02T19:06:30+00:00\",\"breadcrumb\":{\"@id\":\"https:\/\/www.eclephsia.com\/index.php\/artists-repertoire\/#breadcrumb\"},\"inLanguage\":\"en-US\",\"potentialAction\":[{\"@type\":\"ReadAction\",\"target\":[\"https:\/\/www.eclephsia.com\/index.php\/artists-repertoire\/\"]}]},{\"@type\":\"BreadcrumbList\",\"@id\":\"https:\/\/www.eclephsia.com\/index.php\/artists-repertoire\/#breadcrumb\",\"itemListElement\":[{\"@type\":\"ListItem\",\"position\":1,\"name\":\"Home\",\"item\":\"https:\/\/www.eclephsia.com\/\"},{\"@type\":\"ListItem\",\"position\":2,\"name\":\"Artists Repertoire\"}]},{\"@type\":\"WebSite\",\"@id\":\"https:\/\/www.eclephsia.com\/#website\",\"url\":\"https:\/\/www.eclephsia.com\/\",\"name\":\"Eclephsia Dungeon\",\"description\":\"Virtual Exhibition \u26d3\ufe0f Gathering Pixels \u26d3\ufe0f Generative Media\",\"publisher\":{\"@id\":\"https:\/\/www.eclephsia.com\/#organization\"},\"potentialAction\":[{\"@type\":\"SearchAction\",\"target\":{\"@type\":\"EntryPoint\",\"urlTemplate\":\"https:\/\/www.eclephsia.com\/?s={search_term_string}\"},\"query-input\":{\"@type\":\"PropertyValueSpecification\",\"valueRequired\":true,\"valueName\":\"search_term_string\"}}],\"inLanguage\":\"en-US\"},{\"@type\":\"Organization\",\"@id\":\"https:\/\/www.eclephsia.com\/#organization\",\"name\":\"Eclephsia Dungeon\",\"url\":\"https:\/\/www.eclephsia.com\/\",\"logo\":{\"@type\":\"ImageObject\",\"inLanguage\":\"en-US\",\"@id\":\"https:\/\/www.eclephsia.com\/#\/schema\/logo\/image\/\",\"url\":\"https:\/\/www.eclephsia.com\/wp-content\/uploads\/2025\/09\/cropped-1920x1080-1.webp\",\"contentUrl\":\"https:\/\/www.eclephsia.com\/wp-content\/uploads\/2025\/09\/cropped-1920x1080-1.webp\",\"width\":1224,\"height\":1079,\"caption\":\"Eclephsia Dungeon\"},\"image\":{\"@id\":\"https:\/\/www.eclephsia.com\/#\/schema\/logo\/image\/\"},\"sameAs\":[\"https:\/\/www.instagram.com\/eclephsia\/\"]}]}<\/script>\n<!-- \/ Yoast SEO plugin. -->","yoast_head_json":{"title":"Artists Repertoire - Eclephsia Dungeon","robots":{"index":"index","follow":"follow","max-snippet":"max-snippet:-1","max-image-preview":"max-image-preview:large","max-video-preview":"max-video-preview:-1"},"canonical":"https:\/\/www.eclephsia.com\/index.php\/artists-repertoire\/","og_locale":"en_US","og_type":"article","og_title":"Artists Repertoire - Eclephsia Dungeon","og_description":"The following list covers all the artists that we have collaborated with over the years &lt;33 A AAA Abssys Agatha Cuper AKAFA\u00cb Andy pls Anna M\u00e4kel\u00e4 Arrow of Time Arthur Le Roux Astytekkk Aveen B Baka bdstf Bicycle Ride Bovitz Brenda C Capiuz Chosen1 Clara Mauvillain Anneix Chochinbi Combat Sport CRY.NN Cunt Remember D DJ [&hellip;]","og_url":"https:\/\/www.eclephsia.com\/index.php\/artists-repertoire\/","og_site_name":"Eclephsia Dungeon","article_modified_time":"2026-02-02T19:06:30+00:00","twitter_card":"summary_large_image","twitter_misc":{"Est. reading time":"1 minute"},"schema":{"@context":"https:\/\/schema.org","@graph":[{"@type":"WebPage","@id":"https:\/\/www.eclephsia.com\/index.php\/artists-repertoire\/","url":"https:\/\/www.eclephsia.com\/index.php\/artists-repertoire\/","name":"Artists Repertoire - Eclephsia Dungeon","isPartOf":{"@id":"https:\/\/www.eclephsia.com\/#website"},"datePublished":"2025-09-22T02:58:08+00:00","dateModified":"2026-02-02T19:06:30+00:00","breadcrumb":{"@id":"https:\/\/www.eclephsia.com\/index.php\/artists-repertoire\/#breadcrumb"},"inLanguage":"en-US","potentialAction":[{"@type":"ReadAction","target":["https:\/\/www.eclephsia.com\/index.php\/artists-repertoire\/"]}]},{"@type":"BreadcrumbList","@id":"https:\/\/www.eclephsia.com\/index.php\/artists-repertoire\/#breadcrumb","itemListElement":[{"@type":"ListItem","position":1,"name":"Home","item":"https:\/\/www.eclephsia.com\/"},{"@type":"ListItem","position":2,"name":"Artists Repertoire"}]},{"@type":"WebSite","@id":"https:\/\/www.eclephsia.com\/#website","url":"https:\/\/www.eclephsia.com\/","name":"Eclephsia Dungeon","description":"Virtual Exhibition \u26d3\ufe0f Gathering Pixels \u26d3\ufe0f Generative Media","publisher":{"@id":"https:\/\/www.eclephsia.com\/#organization"},"potentialAction":[{"@type":"SearchAction","target":{"@type":"EntryPoint","urlTemplate":"https:\/\/www.eclephsia.com\/?s={search_term_string}"},"query-input":{"@type":"PropertyValueSpecification","valueRequired":true,"valueName":"search_term_string"}}],"inLanguage":"en-US"},{"@type":"Organization","@id":"https:\/\/www.eclephsia.com\/#organization","name":"Eclephsia Dungeon","url":"https:\/\/www.eclephsia.com\/","logo":{"@type":"ImageObject","inLanguage":"en-US","@id":"https:\/\/www.eclephsia.com\/#\/schema\/logo\/image\/","url":"https:\/\/www.eclephsia.com\/wp-content\/uploads\/2025\/09\/cropped-1920x1080-1.webp","contentUrl":"https:\/\/www.eclephsia.com\/wp-content\/uploads\/2025\/09\/cropped-1920x1080-1.webp","width":1224,"height":1079,"caption":"Eclephsia Dungeon"},"image":{"@id":"https:\/\/www.eclephsia.com\/#\/schema\/logo\/image\/"},"sameAs":["https:\/\/www.instagram.com\/eclephsia\/"]}]}},"_links":{"self":[{"href":"https:\/\/www.eclephsia.com\/index.php\/wp-json\/wp\/v2\/pages\/765","targetHints":{"allow":["GET"]}}],"collection":[{"href":"https:\/\/www.eclephsia.com\/index.php\/wp-json\/wp\/v2\/pages"}],"about":[{"href":"https:\/\/www.eclephsia.com\/index.php\/wp-json\/wp\/v2\/types\/page"}],"author":[{"embeddable":true,"href":"https:\/\/www.eclephsia.com\/index.php\/wp-json\/wp\/v2\/users\/1"}],"replies":[{"embeddable":true,"href":"https:\/\/www.eclephsia.com\/index.php\/wp-json\/wp\/v2\/comments?post=765"}],"version-history":[{"count":22,"href":"https:\/\/www.eclephsia.com\/index.php\/wp-json\/wp\/v2\/pages\/765\/revisions"}],"predecessor-version":[{"id":1045,"href":"https:\/\/www.eclephsia.com\/index.php\/wp-json\/wp\/v2\/pages\/765\/revisions\/1045"}],"wp:attachment":[{"href":"https:\/\/www.eclephsia.com\/index.php\/wp-json\/wp\/v2\/media?parent=765"}],"curies":[{"name":"wp","href":"https:\/\/api.w.org\/{rel}","templated":true}]}}